{"id":181,"date":"2026-04-13T15:50:16","date_gmt":"2026-04-13T13:50:16","guid":{"rendered":"https:\/\/nuevaweb.nuvelec.com\/?page_id=181"},"modified":"2026-04-14T18:19:28","modified_gmt":"2026-04-14T16:19:28","slug":"ventajas-uso-del-led","status":"publish","type":"page","link":"https:\/\/nuvelec.com\/index.php\/ventajas-uso-del-led\/","title":{"rendered":"Ventajas Uso del LED"},"content":{"rendered":"\n<div>\n<h1 class=\"gb-text gb-text-6863d849\"><strong>Ventajas del Uso del LED<\/strong><\/h1>\n<\/div>\n\n\n\n<div class=\"gb-element-b163ff06\">\n<h1 class=\"gb-text\"><strong>Razones para elegir tecnolog\u00eda LED<\/strong><\/h1>\n<\/div>\n\n\n\n<div class=\"gb-element-8d60aec0\">\n<h3 class=\"gb-text\"><strong>1. M\u00e1ximo Ahorro Energ\u00e9tico<\/strong><\/h3>\n<\/div>\n\n\n\n<div class=\"gb-element-e657ecb5\">\n<p class=\"gb-text\">La tecnolog\u00eda LED es la soluci\u00f3n de iluminaci\u00f3n m\u00e1s eficiente del mercado. Permite <strong>reducir el consumo hasta en un 80%<\/strong> en comparaci\u00f3n con los sistemas tradicionales. Adem\u00e1s, al generar una m\u00ednima emisi\u00f3n de calor, optimiza el rendimiento energ\u00e9tico de cualquier espacio.<\/p>\n<\/div>\n\n\n\n<div class=\"gb-element-348940ad\">\n<h3 class=\"gb-text\"><strong>2. Durabilidad Excepcional<\/strong><\/h3>\n<\/div>\n\n\n\n<div class=\"gb-element-0234809f\">\n<p class=\"gb-text\">Olv\u00eddese de los reemplazos constantes. Mientras que una bombilla hal\u00f3gena apenas alcanza las 2.000 horas de uso, un sistema LED ofrece una vida media de <strong>30.000 horas<\/strong>. Esta longevidad se traduce en un ahorro significativo en costes de mantenimiento y reposici\u00f3n.<\/p>\n<\/div>\n\n\n\n<div class=\"gb-element-1f796f63\">\n<h3 class=\"gb-text\"><strong>3. Compromiso Ecol\u00f3gico<\/strong><\/h3>\n<\/div>\n\n\n\n<div class=\"gb-element-2d610daf\">\n<p class=\"gb-text\">El LED es la opci\u00f3n m\u00e1s respetuosa con el medio ambiente por tres motivos clave:<\/p>\n<\/div>\n\n\n\n<div class=\"gb-element-284abc39\">\n<ul class=\"wp-block-list\">\n<li><strong>Menos emisiones:<\/strong> Al reducir el consumo el\u00e9ctrico, disminuye la dependencia de combustibles f\u00f3siles.<\/li>\n\n\n\n<li><strong>Sostenibilidad:<\/strong> Sus componentes son altamente resistentes y est\u00e1n fabricados con materiales 100% reciclables.<\/li>\n\n\n\n<li><strong>Sin t\u00f3xicos:<\/strong> A diferencia de otras tecnolog\u00edas, no contienen mercurio ni productos qu\u00edmicos nocivos.<\/li>\n<\/ul>\n<\/div>\n","protected":false},"excerpt":{"rendered":"<p>Ventajas del Uso del LED Razones para elegir tecnolog\u00eda LED 1. M\u00e1ximo Ahorro Energ\u00e9tico La tecnolog\u00eda LED es la soluci\u00f3n de iluminaci\u00f3n m\u00e1s eficiente del mercado. Permite reducir el consumo hasta en un 80% en comparaci\u00f3n con los sistemas tradicionales. Adem\u00e1s, al generar una m\u00ednima emisi\u00f3n de calor, optimiza el rendimiento energ\u00e9tico de cualquier espacio. &#8230; <a title=\"Ventajas Uso del LED\" class=\"read-more\" href=\"https:\/\/nuvelec.com\/index.php\/ventajas-uso-del-led\/\" aria-label=\"Read more about Ventajas Uso del LED\">Read more<\/a><\/p>\n","protected":false},"author":1,"featured_media":0,"parent":0,"menu_order":0,"comment_status":"closed","ping_status":"closed","template":"","meta":{"footnotes":""},"class_list":["post-181","page","type-page","status-publish"],"_links":{"self":[{"href":"https:\/\/nuvelec.com\/index.php\/wp-json\/wp\/v2\/pages\/181","targetHints":{"allow":["GET"]}}],"collection":[{"href":"https:\/\/nuvelec.com\/index.php\/wp-json\/wp\/v2\/pages"}],"about":[{"href":"https:\/\/nuvelec.com\/index.php\/wp-json\/wp\/v2\/types\/page"}],"author":[{"embeddable":true,"href":"https:\/\/nuvelec.com\/index.php\/wp-json\/wp\/v2\/users\/1"}],"replies":[{"embeddable":true,"href":"https:\/\/nuvelec.com\/index.php\/wp-json\/wp\/v2\/comments?post=181"}],"version-history":[{"count":5,"href":"https:\/\/nuvelec.com\/index.php\/wp-json\/wp\/v2\/pages\/181\/revisions"}],"predecessor-version":[{"id":287,"href":"https:\/\/nuvelec.com\/index.php\/wp-json\/wp\/v2\/pages\/181\/revisions\/287"}],"wp:attachment":[{"href":"https:\/\/nuvelec.com\/index.php\/wp-json\/wp\/v2\/media?parent=181"}],"curies":[{"name":"wp","href":"https:\/\/api.w.org\/{rel}","templated":true}]}}