{"id":183,"date":"2026-04-13T15:51:46","date_gmt":"2026-04-13T13:51:46","guid":{"rendered":"https:\/\/nuevaweb.nuvelec.com\/?page_id=183"},"modified":"2026-04-15T18:11:04","modified_gmt":"2026-04-15T16:11:04","slug":"trabajos-realizados","status":"publish","type":"page","link":"https:\/\/nuvelec.com\/index.php\/trabajos-realizados\/","title":{"rendered":"Trabajos Realizados"},"content":{"rendered":"\n<div>\n<h1 class=\"gb-text gb-text-6863d849\"><strong>Trabajos Realizados<\/strong><\/h1>\n<\/div>\n\n\n\n<div class=\"gb-element-da48ff39\">\n<h1 class=\"gb-text\"><strong>Nuestros Trabajos y Proyectos Realizados<\/strong><\/h1>\n<\/div>\n\n\n\n<div class=\"gb-element-88b2ae65\">\n<p class=\"gb-text gb-text-a6726f7a\">Presentamos nuestra gama de soluciones de los principales fabricantes de porteros y videoporteros. Ofrecemos cobertura integral tanto para particulares como para comunidades de vecinos, especializ\u00e1ndonos en proyectos de obra nueva, renovaci\u00f3n de sistemas o reparaci\u00f3n de aver\u00edas.<\/p>\n<\/div>\n\n\n\n<div>\n<div class=\"gb-element-79701ffe\">\n<div class=\"gb-element-c220d787\">\n<figure class=\"wp-block-image size-full\"><img loading=\"lazy\" decoding=\"async\" width=\"1024\" height=\"414\" src=\"https:\/\/nuvelec.com\/wp-content\/uploads\/2026\/04\/03-FERMAX-1.webp\" alt=\"\" class=\"wp-image-311\" style=\"object-fit:cover\" srcset=\"https:\/\/nuvelec.com\/wp-content\/uploads\/2026\/04\/03-FERMAX-1.webp 1024w, https:\/\/nuvelec.com\/wp-content\/uploads\/2026\/04\/03-FERMAX-1-300x121.webp 300w, https:\/\/nuvelec.com\/wp-content\/uploads\/2026\/04\/03-FERMAX-1-768x311.webp 768w\" sizes=\"auto, (max-width: 1024px) 100vw, 1024px\" \/><\/figure>\n\n\n\n<div class=\"gb-element-a973074d\">\n<figure class=\"wp-block-image size-full is-resized is-style-default\"><img loading=\"lazy\" decoding=\"async\" width=\"151\" height=\"28\" src=\"https:\/\/nuvelec.com\/wp-content\/uploads\/2026\/04\/logo-fermax.png\" alt=\"\" class=\"wp-image-302\" style=\"width:300px\"\/><\/figure>\n<\/div>\n<\/div>\n\n\n\n<div class=\"gb-element-71185c16\">\n<figure class=\"wp-block-image size-full\"><img loading=\"lazy\" decoding=\"async\" width=\"768\" height=\"507\" src=\"https:\/\/nuvelec.com\/wp-content\/uploads\/2026\/04\/02-COMELIT-1.webp\" alt=\"\" class=\"wp-image-317\" srcset=\"https:\/\/nuvelec.com\/wp-content\/uploads\/2026\/04\/02-COMELIT-1.webp 768w, https:\/\/nuvelec.com\/wp-content\/uploads\/2026\/04\/02-COMELIT-1-300x198.webp 300w\" sizes=\"auto, (max-width: 768px) 100vw, 768px\" \/><\/figure>\n\n\n\n<div class=\"gb-element-09577094\">\n<figure class=\"wp-block-image size-full\"><img loading=\"lazy\" decoding=\"async\" width=\"145\" height=\"24\" src=\"https:\/\/nuvelec.com\/wp-content\/uploads\/2026\/04\/logo-comelit-1.png\" alt=\"\" class=\"wp-image-316\"\/><\/figure>\n<\/div>\n<\/div>\n<\/div>\n\n\n\n<div class=\"gb-element-c11d1052\">\n<div class=\"gb-element-eadc0bf7\">\n<figure class=\"wp-block-image size-full\"><img loading=\"lazy\" decoding=\"async\" width=\"1024\" height=\"358\" src=\"https:\/\/nuvelec.com\/wp-content\/uploads\/2026\/04\/01-GOLMAR.webp\" alt=\"\" class=\"wp-image-325\" style=\"object-fit:cover\" srcset=\"https:\/\/nuvelec.com\/wp-content\/uploads\/2026\/04\/01-GOLMAR.webp 1024w, https:\/\/nuvelec.com\/wp-content\/uploads\/2026\/04\/01-GOLMAR-300x105.webp 300w, https:\/\/nuvelec.com\/wp-content\/uploads\/2026\/04\/01-GOLMAR-768x269.webp 768w\" sizes=\"auto, (max-width: 1024px) 100vw, 1024px\" \/><\/figure>\n\n\n\n<div class=\"gb-element-a057c341\"><div class=\"wp-block-image is-style-default\">\n<figure class=\"aligncenter size-full is-resized\"><img loading=\"lazy\" decoding=\"async\" width=\"637\" height=\"209\" src=\"https:\/\/nuvelec.com\/wp-content\/uploads\/2026\/04\/logo-Golmar-1.png\" alt=\"\" class=\"wp-image-327\" style=\"width:200px\" srcset=\"https:\/\/nuvelec.com\/wp-content\/uploads\/2026\/04\/logo-Golmar-1.png 637w, https:\/\/nuvelec.com\/wp-content\/uploads\/2026\/04\/logo-Golmar-1-300x98.png 300w\" sizes=\"auto, (max-width: 637px) 100vw, 637px\" \/><\/figure>\n<\/div><\/div>\n<\/div>\n\n\n\n<div class=\"gb-element-47b4a84d\">\n<figure class=\"wp-block-image size-full\"><img loading=\"lazy\" decoding=\"async\" width=\"1024\" height=\"700\" src=\"https:\/\/nuvelec.com\/wp-content\/uploads\/2026\/04\/04-TEGUI.webp\" alt=\"\" class=\"wp-image-328\" style=\"object-fit:cover\" srcset=\"https:\/\/nuvelec.com\/wp-content\/uploads\/2026\/04\/04-TEGUI.webp 1024w, https:\/\/nuvelec.com\/wp-content\/uploads\/2026\/04\/04-TEGUI-300x205.webp 300w, https:\/\/nuvelec.com\/wp-content\/uploads\/2026\/04\/04-TEGUI-768x525.webp 768w\" sizes=\"auto, (max-width: 1024px) 100vw, 1024px\" \/><\/figure>\n\n\n\n<div class=\"gb-element-503001cf\">\n<figure class=\"wp-block-image size-full is-resized\"><img loading=\"lazy\" decoding=\"async\" width=\"490\" height=\"121\" src=\"https:\/\/nuvelec.com\/wp-content\/uploads\/2026\/04\/logo-tegui-1.png\" alt=\"\" class=\"wp-image-330\" style=\"width:200px\" srcset=\"https:\/\/nuvelec.com\/wp-content\/uploads\/2026\/04\/logo-tegui-1.png 490w, https:\/\/nuvelec.com\/wp-content\/uploads\/2026\/04\/logo-tegui-1-300x74.png 300w\" sizes=\"auto, (max-width: 490px) 100vw, 490px\" \/><\/figure>\n<\/div>\n<\/div>\n<\/div>\n<\/div>\n\n\n\n<div>\n<h5 class=\"gb-text gb-text-b331e268\">Reformas el\u00e9ctricas parciales o totales, tanto para particulares como comunidades<\/h5>\n<\/div>\n\n\n\n<div>\n<div class=\"gb-element-887b5711\">\n<div class=\"gb-element-b4b6e64b\">\n<figure class=\"wp-block-image size-full\"><img loading=\"lazy\" decoding=\"async\" width=\"1024\" height=\"493\" src=\"https:\/\/nuvelec.com\/wp-content\/uploads\/2026\/04\/07-TETERIA.webp\" alt=\"\" class=\"wp-image-333\" style=\"object-fit:cover\" srcset=\"https:\/\/nuvelec.com\/wp-content\/uploads\/2026\/04\/07-TETERIA.webp 1024w, https:\/\/nuvelec.com\/wp-content\/uploads\/2026\/04\/07-TETERIA-300x144.webp 300w, https:\/\/nuvelec.com\/wp-content\/uploads\/2026\/04\/07-TETERIA-768x370.webp 768w\" sizes=\"auto, (max-width: 1024px) 100vw, 1024px\" \/><\/figure>\n\n\n\n<div class=\"gb-element-e53332b1\">\n<p class=\"gb-text gb-text-2cb66eef\"><strong>Reforma integral del cuadro el\u00e9ctrico para local de hosteler\u00eda, seg\u00fan normativa vigente (REBT).<\/strong><\/p>\n<\/div>\n<\/div>\n\n\n\n<div class=\"gb-element-016b47a6\">\n<figure class=\"wp-block-image size-full\"><img loading=\"lazy\" decoding=\"async\" width=\"1024\" height=\"768\" src=\"https:\/\/nuvelec.com\/wp-content\/uploads\/2026\/04\/06-BAR-LA-CALA.webp\" alt=\"\" class=\"wp-image-334\" style=\"object-fit:cover\" srcset=\"https:\/\/nuvelec.com\/wp-content\/uploads\/2026\/04\/06-BAR-LA-CALA.webp 1024w, https:\/\/nuvelec.com\/wp-content\/uploads\/2026\/04\/06-BAR-LA-CALA-300x225.webp 300w, https:\/\/nuvelec.com\/wp-content\/uploads\/2026\/04\/06-BAR-LA-CALA-768x576.webp 768w\" sizes=\"auto, (max-width: 1024px) 100vw, 1024px\" \/><\/figure>\n\n\n\n<div class=\"gb-element-f2bbafe3\">\n<p class=\"gb-text gb-text-688d7f03\"><strong>Proyecto de reforma integral y modernizaci\u00f3n del Bar La Cala en Castro-Urdiales.<\/strong><\/p>\n<\/div>\n<\/div>\n<\/div>\n<\/div>\n\n\n\n<div class=\"gb-element-2c74b63f\">\n<div class=\"gb-element-fd52541e\">\n<div class=\"gb-element-d59f82c0\"><div class=\"wp-block-image\">\n<figure class=\"aligncenter size-full\"><img loading=\"lazy\" decoding=\"async\" width=\"1024\" height=\"768\" src=\"https:\/\/nuvelec.com\/wp-content\/uploads\/2026\/04\/05-ILUMINACION.webp\" alt=\"\" class=\"wp-image-335\" style=\"object-fit:cover\" srcset=\"https:\/\/nuvelec.com\/wp-content\/uploads\/2026\/04\/05-ILUMINACION.webp 1024w, https:\/\/nuvelec.com\/wp-content\/uploads\/2026\/04\/05-ILUMINACION-300x225.webp 300w, https:\/\/nuvelec.com\/wp-content\/uploads\/2026\/04\/05-ILUMINACION-768x576.webp 768w\" sizes=\"auto, (max-width: 1024px) 100vw, 1024px\" \/><\/figure>\n<\/div>\n\n\n<div class=\"gb-element-b1cf37b2\">\n<p class=\"gb-text gb-text-c24f9c6e\"><strong><strong>Proyectos de iluminaci\u00f3n integral para locales comerciales, viviendas particulares y comunidades de vecinos.<\/strong><\/strong><\/p>\n<\/div>\n<\/div>\n<\/div>\n<\/div>\n","protected":false},"excerpt":{"rendered":"<p>Trabajos Realizados Nuestros Trabajos y Proyectos Realizados Presentamos nuestra gama de soluciones de los principales fabricantes de porteros y videoporteros. Ofrecemos cobertura integral tanto para particulares como para comunidades de vecinos, especializ\u00e1ndonos en proyectos de obra nueva, renovaci\u00f3n de sistemas o reparaci\u00f3n de aver\u00edas. Reformas el\u00e9ctricas parciales o totales, tanto para particulares como comunidades Reforma &#8230; <a title=\"Trabajos Realizados\" class=\"read-more\" href=\"https:\/\/nuvelec.com\/index.php\/trabajos-realizados\/\" aria-label=\"Read more about Trabajos Realizados\">Read more<\/a><\/p>\n","protected":false},"author":1,"featured_media":0,"parent":0,"menu_order":0,"comment_status":"closed","ping_status":"closed","template":"","meta":{"footnotes":""},"class_list":["post-183","page","type-page","status-publish"],"_links":{"self":[{"href":"https:\/\/nuvelec.com\/index.php\/wp-json\/wp\/v2\/pages\/183","targetHints":{"allow":["GET"]}}],"collection":[{"href":"https:\/\/nuvelec.com\/index.php\/wp-json\/wp\/v2\/pages"}],"about":[{"href":"https:\/\/nuvelec.com\/index.php\/wp-json\/wp\/v2\/types\/page"}],"author":[{"embeddable":true,"href":"https:\/\/nuvelec.com\/index.php\/wp-json\/wp\/v2\/users\/1"}],"replies":[{"embeddable":true,"href":"https:\/\/nuvelec.com\/index.php\/wp-json\/wp\/v2\/comments?post=183"}],"version-history":[{"count":28,"href":"https:\/\/nuvelec.com\/index.php\/wp-json\/wp\/v2\/pages\/183\/revisions"}],"predecessor-version":[{"id":346,"href":"https:\/\/nuvelec.com\/index.php\/wp-json\/wp\/v2\/pages\/183\/revisions\/346"}],"wp:attachment":[{"href":"https:\/\/nuvelec.com\/index.php\/wp-json\/wp\/v2\/media?parent=183"}],"curies":[{"name":"wp","href":"https:\/\/api.w.org\/{rel}","templated":true}]}}