{"id":21,"date":"2026-04-07T06:51:42","date_gmt":"2026-04-07T04:51:42","guid":{"rendered":"https:\/\/nuevaweb.nuvelec.com\/?page_id=21"},"modified":"2026-04-16T10:03:28","modified_gmt":"2026-04-16T08:03:28","slug":"inicio","status":"publish","type":"page","link":"https:\/\/nuvelec.com\/","title":{"rendered":"Inicio"},"content":{"rendered":"\n<div><div class=\"wp-block-image is-style-default\">\n<figure class=\"aligncenter size-full\"><img loading=\"lazy\" decoding=\"async\" width=\"1920\" height=\"864\" src=\"https:\/\/nuvelec.com\/wp-content\/uploads\/2026\/04\/Nuestra-Furgoneta.webp\" alt=\"Furgoneta de servicios t\u00e9cnicos de Nuvelec para instalaciones el\u00e9ctricas y mantenimiento\" class=\"wp-image-51\" srcset=\"https:\/\/nuvelec.com\/wp-content\/uploads\/2026\/04\/Nuestra-Furgoneta.webp 1920w, https:\/\/nuvelec.com\/wp-content\/uploads\/2026\/04\/Nuestra-Furgoneta-300x135.webp 300w, https:\/\/nuvelec.com\/wp-content\/uploads\/2026\/04\/Nuestra-Furgoneta-1024x461.webp 1024w, https:\/\/nuvelec.com\/wp-content\/uploads\/2026\/04\/Nuestra-Furgoneta-768x346.webp 768w, https:\/\/nuvelec.com\/wp-content\/uploads\/2026\/04\/Nuestra-Furgoneta-1536x691.webp 1536w\" sizes=\"auto, (max-width: 1920px) 100vw, 1920px\" \/><\/figure>\n<\/div><\/div>\n\n\n\n<div class=\"gb-element-39c7a0a3 franja-total\">\n<div>\n<h2 class=\"gb-text\"><strong>Instalaciones El\u00e9ctricas y Seguridad en Castro-Urdiales y Pedan\u00edas<\/strong><\/h2>\n<\/div>\n\n\n\n<div>\n<p class=\"gb-text gb-text-9cf0437f\">      En <strong>Nuvelec<\/strong> combinamos experiencia t\u00e9cnica y profesionalidad para ofrecer soluciones integrales en <strong>Castro-Urdiales y sus Pedan\u00edas<\/strong>. Trabajamos tanto para particulares como para comunidades de vecinos y empresas, abarcando desde la infraestructura el\u00e9ctrica b\u00e1sica hasta los sistemas de seguridad m\u00e1s avanzados.<\/p>\n<\/div>\n\n\n\n<div>\n<p class=\"gb-text gb-text-370b2ed2\">       Ya sea una peque\u00f1a reforma o una instalaci\u00f3n nueva desde cero, garantizamos la m\u00e1xima seguridad y legalidad en cada proyecto al ser <strong>Empresa Autorizada Instaladora en Baja Tensi\u00f3n<\/strong> y estar inscritos en el <strong>Registro de Empresas Acreditadas (REA)<\/strong>.<\/p>\n<\/div>\n\n\n\n<div>\n<p class=\"gb-text gb-text-146a29f4\">       <strong>\u00bfNecesitas un bolet\u00edn el\u00e9ctrico?<\/strong> Como instaladores autorizados, gestionamos tus certificados de instalaci\u00f3n y aumentos de potencia con rapidez y rigor t\u00e9cnico.<\/p>\n<\/div>\n\n\n\n<div>\n<p class=\"gb-text gb-text-cbde25bd\"><strong>       \u00bfHablamos?<\/strong> Estamos aqu\u00ed para asesorarte. Contacta con nosotros por <a href=\"tel:+34608530414\">tel\u00e9fono<\/a> o <a href=\"mailto:nuvelec@nuvelec.com\">e-mail<\/a> y cu\u00e9ntanos qu\u00e9 necesitas.<\/p>\n<\/div>\n<\/div>\n\n\n\n<div class=\"gb-element-d163e127\">\n<h2 class=\"gb-text gb-text-f67b7d46\"><img loading=\"lazy\" decoding=\"async\" width=\"50\" height=\"50\" class=\"wp-image-59\" style=\"width: 50px;\" src=\"https:\/\/nuvelec.com\/wp-content\/uploads\/2026\/04\/icono-telefono.webp\" alt=\"Icono de tel\u00e9fono para contacto de Nuvelec\">   Ll\u00e1manos <a href=\"tel:+34608530414\">608 530 414<\/a><\/h2>\n<\/div>\n\n\n\n<div>\n<h2 class=\"gb-text gb-text-2ba712a0\"><strong>\u00bfQuieres saber mas de nosotros?<\/strong><\/h2>\n\n\n\n<p class=\"gb-text gb-text-6feafe33\"><strong>Visita nuestra zona de <a href=\"https:\/\/nuvelec.com\/index.php\/servicios\/\" data-type=\"page\" data-id=\"162\">Servicios<\/a><\/strong><\/p>\n<\/div>\n","protected":false},"excerpt":{"rendered":"<p>Instalaciones El\u00e9ctricas y Seguridad en Castro-Urdiales y Pedan\u00edas En Nuvelec combinamos experiencia t\u00e9cnica y profesionalidad para ofrecer soluciones integrales en Castro-Urdiales y sus Pedan\u00edas. Trabajamos tanto para particulares como para comunidades de vecinos y empresas, abarcando desde la infraestructura el\u00e9ctrica b\u00e1sica hasta los sistemas de seguridad m\u00e1s avanzados. Ya sea una peque\u00f1a reforma o una &#8230; <a title=\"Inicio\" class=\"read-more\" href=\"https:\/\/nuvelec.com\/\" aria-label=\"Read more about Inicio\">Read more<\/a><\/p>\n","protected":false},"author":1,"featured_media":0,"parent":0,"menu_order":0,"comment_status":"closed","ping_status":"closed","template":"","meta":{"footnotes":""},"class_list":["post-21","page","type-page","status-publish"],"_links":{"self":[{"href":"https:\/\/nuvelec.com\/index.php\/wp-json\/wp\/v2\/pages\/21","targetHints":{"allow":["GET"]}}],"collection":[{"href":"https:\/\/nuvelec.com\/index.php\/wp-json\/wp\/v2\/pages"}],"about":[{"href":"https:\/\/nuvelec.com\/index.php\/wp-json\/wp\/v2\/types\/page"}],"author":[{"embeddable":true,"href":"https:\/\/nuvelec.com\/index.php\/wp-json\/wp\/v2\/users\/1"}],"replies":[{"embeddable":true,"href":"https:\/\/nuvelec.com\/index.php\/wp-json\/wp\/v2\/comments?post=21"}],"version-history":[{"count":40,"href":"https:\/\/nuvelec.com\/index.php\/wp-json\/wp\/v2\/pages\/21\/revisions"}],"predecessor-version":[{"id":392,"href":"https:\/\/nuvelec.com\/index.php\/wp-json\/wp\/v2\/pages\/21\/revisions\/392"}],"wp:attachment":[{"href":"https:\/\/nuvelec.com\/index.php\/wp-json\/wp\/v2\/media?parent=21"}],"curies":[{"name":"wp","href":"https:\/\/api.w.org\/{rel}","templated":true}]}}