{"id":30,"date":"2026-04-07T18:44:04","date_gmt":"2026-04-07T16:44:04","guid":{"rendered":"https:\/\/nuevaweb.nuvelec.com\/?page_id=30"},"modified":"2026-04-07T18:44:06","modified_gmt":"2026-04-07T16:44:06","slug":"aviso-legal","status":"publish","type":"page","link":"https:\/\/nuvelec.com\/index.php\/aviso-legal\/","title":{"rendered":"Aviso Legal"},"content":{"rendered":"\n<div class=\"gb-element-39c7a0a3 alignfull\">\n<div class=\"wp-block-group is-nowrap is-layout-flex wp-container-core-group-is-layout-ad2f72ca wp-block-group-is-layout-flex\">\n<h1 class=\"gb-text\"><strong>Aviso Legal<\/strong><\/h1>\n<\/div>\n\n\n\n<p class=\"has-text-align-left\"><strong>1. Informaci\u00f3n Legal <\/strong>En cumplimiento del art\u00edculo 10 de la Ley 34\/2002, de 11 de julio, de Servicios de la Sociedad de la Informaci\u00f3n y Comercio Electr\u00f3nico (LSSI), se exponen los datos identificativos del titular:<\/p>\n\n\n\n<ul class=\"wp-block-list\">\n<li><strong>Nombre\/Raz\u00f3n Social:<\/strong> David Vergara<\/li>\n\n\n\n<li><strong>NIF\/CIF:<\/strong> 30666485X<\/li>\n\n\n\n<li><strong>Domicilio Social:<\/strong> C\/ Ataulfo Argenta 6B 3D 39700- Castro Urdiales, Cantabria<\/li>\n\n\n\n<li><strong>Tel\u00e9fono:<\/strong> 608 530 414<\/li>\n\n\n\n<li><strong>Email:<\/strong> nuvelec@nuvelec.com<\/li>\n\n\n\n<li><strong>Actividad:<\/strong> Instalaciones El\u00e9ctricas de Baja Tensi\u00f3n.<\/li>\n\n\n\n<li><strong>Empresa Acreditada:<\/strong> Inscrita en el Registro de Empresas Acreditadas (REA) con el n\u00famero: 06\/39\/0004843<\/li>\n<\/ul>\n\n\n\n<p class=\"has-text-align-left\"><strong>2. Propiedad Intelectual<\/strong> El c\u00f3digo fuente, los dise\u00f1os gr\u00e1ficos, las im\u00e1genes, las fotograf\u00edas, los sonidos, las animaciones y los textos de <strong><a href=\"https:\/\/www.nuvelec.com\" target=\"_blank\" rel=\"noreferrer noopener\">www.nuvelec.com<\/a><\/strong> y\u00a0<a href=\"https:\/\/www.electricidadnuvelec.com\"><strong>www.electricidadnuvelec.com<\/strong><\/a> est\u00e1n protegidos por la legislaci\u00f3n espa\u00f1ola sobre los derechos de propiedad intelectual e industrial a favor de <strong>David Vergara Ruiz.<\/strong><\/p>\n\n\n\n<p class=\"has-text-align-left\"><strong>3. Exclusi\u00f3n de Responsabilidad<\/strong> David Vergara Ruiz no se hace responsable de los da\u00f1os y perjuicios de cualquier naturaleza que pudieran ocasionar, a t\u00edtulo enunciativo: errores u omisiones en los contenidos, falta de disponibilidad del portal o la transmisi\u00f3n de virus o programas maliciosos, a pesar de haber adoptado todas las medidas tecnol\u00f3gicas necesarias para evitarlo.<\/p>\n<\/div>\n\n\n\n<p><\/p>\n","protected":false},"excerpt":{"rendered":"<p>Aviso Legal 1. Informaci\u00f3n Legal En cumplimiento del art\u00edculo 10 de la Ley 34\/2002, de 11 de julio, de Servicios de la Sociedad de la Informaci\u00f3n y Comercio Electr\u00f3nico (LSSI), se exponen los datos identificativos del titular: 2. Propiedad Intelectual El c\u00f3digo fuente, los dise\u00f1os gr\u00e1ficos, las im\u00e1genes, las fotograf\u00edas, los sonidos, las animaciones y &#8230; <a title=\"Aviso Legal\" class=\"read-more\" href=\"https:\/\/nuvelec.com\/index.php\/aviso-legal\/\" aria-label=\"Read more about Aviso Legal\">Read more<\/a><\/p>\n","protected":false},"author":1,"featured_media":0,"parent":0,"menu_order":0,"comment_status":"closed","ping_status":"closed","template":"","meta":{"footnotes":""},"class_list":["post-30","page","type-page","status-publish"],"_links":{"self":[{"href":"https:\/\/nuvelec.com\/index.php\/wp-json\/wp\/v2\/pages\/30","targetHints":{"allow":["GET"]}}],"collection":[{"href":"https:\/\/nuvelec.com\/index.php\/wp-json\/wp\/v2\/pages"}],"about":[{"href":"https:\/\/nuvelec.com\/index.php\/wp-json\/wp\/v2\/types\/page"}],"author":[{"embeddable":true,"href":"https:\/\/nuvelec.com\/index.php\/wp-json\/wp\/v2\/users\/1"}],"replies":[{"embeddable":true,"href":"https:\/\/nuvelec.com\/index.php\/wp-json\/wp\/v2\/comments?post=30"}],"version-history":[{"count":1,"href":"https:\/\/nuvelec.com\/index.php\/wp-json\/wp\/v2\/pages\/30\/revisions"}],"predecessor-version":[{"id":31,"href":"https:\/\/nuvelec.com\/index.php\/wp-json\/wp\/v2\/pages\/30\/revisions\/31"}],"wp:attachment":[{"href":"https:\/\/nuvelec.com\/index.php\/wp-json\/wp\/v2\/media?parent=30"}],"curies":[{"name":"wp","href":"https:\/\/api.w.org\/{rel}","templated":true}]}}